{"id":783,"date":"2026-02-09T12:02:35","date_gmt":"2026-02-09T11:02:35","guid":{"rendered":"https:\/\/www.caretta-blue.com\/it\/?page_id=783"},"modified":"2026-02-09T12:13:10","modified_gmt":"2026-02-09T11:13:10","slug":"informativa-sulla-privacy","status":"publish","type":"page","link":"https:\/\/www.caretta-blue.com\/it\/informativa-sulla-privacy\/","title":{"rendered":"Informativa sulla privacy"},"content":{"rendered":"\n<style type=\"text\/css\" data-created_by=\"avia_inline_auto\" id=\"style-css-av-aq8ay4-91056d5ff272452b34de99d766d4dd77\">\n.avia-section.av-aq8ay4-91056d5ff272452b34de99d766d4dd77 .av-parallax .av-parallax-inner{\nbackground-repeat:no-repeat;\nbackground-image:url(https:\/\/www.caretta-blue.com\/it\/wp-content\/uploads\/sites\/4\/2020\/02\/jazzband-mieten-nuernberg.jpg);\nbackground-position:50% 50%;\nbackground-attachment:scroll;\n}\n.avia-section.av-aq8ay4-91056d5ff272452b34de99d766d4dd77 .av-section-color-overlay{\nopacity:0.5;\nbackground-color:#e4e2e2;\n}\n<\/style>\n<div id='av_section_1'  class='avia-section av-aq8ay4-91056d5ff272452b34de99d766d4dd77 main_color avia-section-huge avia-no-border-styling  avia-builder-el-0  avia-builder-el-no-sibling  av-parallax-section avia-bg-style-parallax av-section-color-overlay-active container_wrap fullsize'  data-section-bg-repeat='no-repeat'><div class='av-parallax' data-avia-parallax-ratio='0.3' ><div class='av-parallax-inner main_color avia-full-stretch'><\/div><\/div><div class=\"av-section-color-overlay-wrap\"><div class=\"av-section-color-overlay\"><\/div><div class='container av-section-cont-open' ><main  role=\"main\" itemprop=\"mainContentOfPage\"  class='template-page content  av-content-full alpha units'><div class='post-entry post-entry-type-page post-entry-783'><div class='entry-content-wrapper clearfix'>\n\n<style type=\"text\/css\" data-created_by=\"avia_inline_auto\" id=\"style-css-av-6pwxr-e30fbfb06bc23c2cc55b5473f61d5765\">\n#top .av-special-heading.av-6pwxr-e30fbfb06bc23c2cc55b5473f61d5765{\npadding-bottom:0;\ncolor:#000000;\nfont-size:50px;\n}\nbody .av-special-heading.av-6pwxr-e30fbfb06bc23c2cc55b5473f61d5765 .av-special-heading-tag .heading-char{\nfont-size:25px;\n}\n#top #wrap_all .av-special-heading.av-6pwxr-e30fbfb06bc23c2cc55b5473f61d5765 .av-special-heading-tag{\nfont-size:50px;\n}\n.av-special-heading.av-6pwxr-e30fbfb06bc23c2cc55b5473f61d5765 .special-heading-inner-border{\nborder-color:#000000;\n}\n.av-special-heading.av-6pwxr-e30fbfb06bc23c2cc55b5473f61d5765 .av-subheading{\nfont-size:15px;\n}\n\n@media only screen and (min-width: 480px) and (max-width: 767px){ \n#top #wrap_all .av-special-heading.av-6pwxr-e30fbfb06bc23c2cc55b5473f61d5765 .av-special-heading-tag{\nfont-size:0.8em;\n}\n}\n\n@media only screen and (max-width: 479px){ \n#top #wrap_all .av-special-heading.av-6pwxr-e30fbfb06bc23c2cc55b5473f61d5765 .av-special-heading-tag{\nfont-size:0.8em;\n}\n}\n<\/style>\n<div  class='av-special-heading av-6pwxr-e30fbfb06bc23c2cc55b5473f61d5765 av-special-heading-h3 custom-color-heading blockquote modern-quote modern-centered  avia-builder-el-1  el_before_av_hr  avia-builder-el-first  av-inherit-size'><h3 class='av-special-heading-tag '  itemprop=\"headline\"  >Informativa sulla privacy<\/h3><div class=\"special-heading-border\"><div class=\"special-heading-inner-border\"><\/div><\/div><\/div>\n\n<style type=\"text\/css\" data-created_by=\"avia_inline_auto\" id=\"style-css-av-abb7as-75e6ad2892cac15982d93f6f0a1b304e\">\n#top .hr.av-abb7as-75e6ad2892cac15982d93f6f0a1b304e{\nmargin-top:40px;\nmargin-bottom:60px;\n}\n.hr.av-abb7as-75e6ad2892cac15982d93f6f0a1b304e .hr-inner{\nwidth:50px;\nborder-color:#e7008b;\nmax-width:45%;\n}\n.hr.av-abb7as-75e6ad2892cac15982d93f6f0a1b304e .av-seperator-icon{\ncolor:#50bfc7;\n}\n.hr.av-abb7as-75e6ad2892cac15982d93f6f0a1b304e .av-seperator-icon.avia-svg-icon svg:first-child{\nfill:#50bfc7;\nstroke:#50bfc7;\n}\n<\/style>\n<div  class='hr av-abb7as-75e6ad2892cac15982d93f6f0a1b304e hr-custom  avia-builder-el-2  el_after_av_heading  el_before_av_one_full  hr-center hr-icon-yes'><span class='hr-inner inner-border-av-border-fat'><span class=\"hr-inner-style\"><\/span><\/span><span class='av-seperator-icon avia-iconfont avia-font-entypo-fontello' data-av_icon='\ue837' data-av_iconfont='entypo-fontello' ><\/span><span class='hr-inner inner-border-av-border-fat'><span class=\"hr-inner-style\"><\/span><\/span><\/div>\n\n<style type=\"text\/css\" data-created_by=\"avia_inline_auto\" id=\"style-css-av-k67zweoy-d71101dbc41c5a324d7846012067231e\">\n.flex_column.av-k67zweoy-d71101dbc41c5a324d7846012067231e{\nborder-radius:0px 0px 0px 0px;\npadding:0px 0px 0px 0px;\n}\n<\/style>\n<div  class='flex_column av-k67zweoy-d71101dbc41c5a324d7846012067231e av_one_full  avia-builder-el-3  el_after_av_hr  avia-builder-el-last  first flex_column_div av-animated-generic bottom-to-top av-zero-column-padding  '     ><section  class='av_textblock_section av-k697wv5j-944fbfe97d0cd16ee2ee6df6df134e62 '   itemscope=\"itemscope\" itemtype=\"https:\/\/schema.org\/CreativeWork\" ><div class='avia_textblock'  itemprop=\"text\" ><h2>1. Panoramica sulla privacy<\/h2>\n<p><strong>Informazioni generali<\/strong><\/p>\n<p>Le seguenti informazioni offrono una panoramica semplice su cosa accade ai tuoi dati personali quando visiti il nostro sito web. I dati personali sono tutti quei dati che possono identificarti personalmente. Informazioni dettagliate sulla protezione dei dati sono disponibili nella nostra informativa sulla privacy riportata sotto questo testo.<\/p>\n<p><strong>Raccolta dati sul nostro sito web<\/strong><\/p>\n<p><b>Chi \u00e8 responsabile della raccolta dei dati su questo sito?<\/b><\/p>\n<p>Il trattamento dei dati su questo sito web \u00e8 effettuato dal gestore del sito. I suoi dati di contatto sono reperibili nell\u2019impressum di questo sito.<\/p>\n<p><b>Come raccogliamo i tuoi dati?<\/b><\/p>\n<p>Alcuni dati vengono forniti direttamente da te, ad esempio quando compili un modulo di contatto.<\/p>\n<p>Altri dati vengono raccolti automaticamente dai nostri sistemi IT durante la visita del sito web. Si tratta principalmente di dati tecnici (ad es. browser utilizzato, sistema operativo o orario della visita). La raccolta di questi dati avviene automaticamente non appena accedi al nostro sito.<\/p>\n<p><b>A cosa servono i tuoi dati?<\/b><\/p>\n<p>Alcuni dati sono raccolti per garantire il corretto funzionamento del sito. Altri dati possono essere utilizzati per analizzare il comportamento degli utenti.<\/p>\n<p><b>Quali diritti hai sui tuoi dati?<\/b><\/p>\n<p>Hai il diritto in qualsiasi momento di ottenere gratuitamente informazioni sull\u2019origine, destinatari e scopo dei tuoi dati personali memorizzati. Hai anche il diritto di richiederne la rettifica o la cancellazione. Per questi diritti o per ulteriori domande sulla privacy, puoi contattarci in qualsiasi momento all\u2019indirizzo indicato nell\u2019impressum. Inoltre, hai il diritto di presentare reclamo all\u2019autorit\u00e0 di controllo competente.<\/p>\n<p>Hai anche il diritto di richiedere, in determinate circostanze, la limitazione del trattamento dei tuoi dati personali. Maggiori dettagli sono disponibili nella nostra informativa alla sezione \u00abDiritto alla limitazione del trattamento\u00bb.<\/p>\n<h2>2. Hosting e Content Delivery Network (CDN)<\/h2>\n<p><strong>Hosting esterno<\/strong><\/p>\n<p>Questo sito \u00e8 ospitato presso un fornitore esterno (host). I dati personali raccolti su questo sito vengono memorizzati sui server dell\u2019host. Possono riguardare principalmente indirizzi IP, richieste di contatto, metadati e dati di comunicazione, dati contrattuali, dati di contatto, nomi, accessi al sito e altri dati generati da un sito web.<\/p>\n<p>L\u2019utilizzo dell\u2019host avviene per adempiere ai nostri obblighi contrattuali verso clienti potenziali ed esistenti (Art. 6 comma 1 lett. b GDPR) e nell\u2019interesse di garantire un\u2019offerta online sicura, rapida ed efficiente tramite un fornitore professionale (Art. 6 comma 1 lett. f GDPR).<\/p>\n<p>Il nostro host tratter\u00e0 i tuoi dati solo nella misura necessaria per adempiere ai suoi obblighi e seguendo le nostre istruzioni relative a tali dati.<\/p>\n<p><strong>Contratto di elaborazione dei dati<\/strong><\/p>\n<p>Per garantire un trattamento conforme alla privacy, abbiamo stipulato un contratto di elaborazione dei dati con il nostro host.<\/p>\n<h2>3. Informazioni generali e obbligatorie<\/h2>\n<p><strong>Privacy<\/strong><\/p>\n<p>I gestori di questo sito prendono molto sul serio la protezione dei tuoi dati personali. Trattiamo i tuoi dati personali in modo confidenziale e secondo le normative vigenti in materia di protezione dei dati e la presente informativa.<\/p>\n<p>Quando utilizzi questo sito, vengono raccolti diversi dati personali. I dati personali sono dati che possono identificarti personalmente. La presente informativa spiega quali dati raccogliamo e a quale scopo, e come e perch\u00e9 ci\u00f2 avviene.<\/p>\n<p>Si segnala che la trasmissione dei dati su Internet (ad es. tramite e-mail) pu\u00f2 presentare vulnerabilit\u00e0 di sicurezza. Una protezione completa da accessi di terzi non \u00e8 possibile.<\/p>\n<p><strong>Informazioni sul responsabile del trattamento<\/strong><\/p>\n<p>Il responsabile del trattamento dei dati su questo sito \u00e8:<\/p>\n<p>Rainer Kramer<br \/>\nCaretta Blue<br \/>\nBegonienstra\u00dfe 8<br \/>\nD-90765 F\u00fcrth<\/p>\n<p>Telefono: +39 324 1857472<br \/>\nE-mail: <a href=\"mailto:mail@caretta-blue.de\">mail@caretta-blue.de<\/a><\/p>\n<p>Il responsabile \u00e8 la persona fisica o giuridica che decide da sola o congiuntamente ad altri le finalit\u00e0 e i mezzi del trattamento dei dati personali (ad es. nomi, indirizzi e-mail, ecc.).<\/p>\n<p><strong>Revoca del consenso al trattamento dei dati<\/strong><\/p>\n<p>Molti trattamenti dei dati avvengono solo con il tuo consenso espresso. Puoi revocare il consenso in qualsiasi momento con una comunicazione informale via e-mail. La liceit\u00e0 del trattamento effettuato fino al momento della revoca non ne \u00e8 influenzata.<\/p>\n<p><strong>Diritto di opposizione al trattamento in casi particolari e alla pubblicit\u00e0 diretta (Art. 21 GDPR)<\/strong><\/p>\n<p>SE IL TRATTAMENTO DEI DATI \u00c8 BASATO SULL\u2019ART. 6 COMMA 1 LETT. E O F GDPR, HAI IL DIRITTO DI OPPORTI IN QUALSIASI MOMENTO AL TRATTAMENTO DEI TUOI DATI PERSONALI PER MOTIVI DERIVANTI DALLA TUA SITUAZIONE PARTICOLARE; CI\u00d2 SI APPLICA ANCHE AL PROFILING BASATO SU QUESTE DISPOSIZIONI. LA BASE GIURIDICA DEL TRATTAMENTO \u00c8 INDICATA NELL\u2019INFORMATIVA SULLA PRIVACY. SE TI OPPONI, NON TRATTEREMO PI\u00d9 I TUOI DATI PERSONALI, SALVO DIMOSTRAZIONE DI MOTIVI LEGITTIMI PREVALENTI O PER L\u2019ESERCIZIO O DIFESA DI DIRITTI LEGALI (OPPOSIZIONE AI SENSI DELL\u2019ART. 21 COMMA 1 GDPR).<\/p>\n<p>SE I TUOI DATI PERSONALI VENGONO TRATTATI PER PUBBLICIT\u00c0 DIRETTA, HAI IL DIRITTO DI OPPORTI IN QUALSIASI MOMENTO AL TRATTAMENTO DEI DATI PERSONALI AI FINI DI TALE PUBBLICIT\u00c0; CI\u00d2 SI APPLICA ANCHE AL PROFILING RELATIVO A QUESTA PUBBLICIT\u00c0. IN CASO DI OPPOSIZIONE, I TUOI DATI PERSONALI NON SARANNO PI\u00d9 UTILIZZATI PER LA PUBBLICIT\u00c0 DIRETTA (OPPOSIZIONE AI SENSI DELL\u2019ART. 21 COMMA 2 GDPR).<\/p>\n<p><strong>Diritto di reclamo presso l\u2019autorit\u00e0 competente<\/strong><\/p>\n<p>In caso di violazioni del GDPR, hai il diritto di presentare reclamo a un\u2019autorit\u00e0 di controllo, in particolare nello Stato membro in cui risiedi abitualmente, lavori o dove \u00e8 avvenuta la presunta violazione. Questo diritto non pregiudica altri rimedi amministrativi o giurisdizionali.<\/p>\n<p><strong>Diritto alla portabilit\u00e0 dei dati<\/strong><\/p>\n<p>Hai il diritto di ricevere i dati che trattiamo automaticamente sulla base del tuo consenso o per l\u2019esecuzione di un contratto in un formato comune e leggibile da macchina, e di trasmetterli a te stesso o a un terzo. Se richiedi la trasmissione diretta ad un altro responsabile, ci\u00f2 avviene solo se tecnicamente possibile.<\/p>\n<p><strong>Crittografia SSL o TLS<\/strong><\/p>\n<p>Questo sito utilizza, per motivi di sicurezza e per proteggere la trasmissione di contenuti riservati come ordini o richieste, una crittografia SSL o TLS. Una connessione criptata \u00e8 riconoscibile dal cambio da \u201chttp:\/\/\u201d a \u201chttps:\/\/\u201d e dall\u2019icona del lucchetto nel browser.<\/p>\n<p>Quando la crittografia SSL\/TLS \u00e8 attiva, i dati inviati a noi non possono essere letti da terzi.<\/p>\n<p><strong>Accesso, cancellazione e rettifica<\/strong><\/p>\n<p>Hai il diritto, secondo la normativa vigente, di ottenere gratuitamente informazioni sui tuoi dati personali memorizzati, sulla loro origine, sui destinatari e sullo scopo del trattamento, e il diritto di richiederne la rettifica o cancellazione. Per questi diritti o ulteriori domande puoi contattarci all\u2019indirizzo indicato nell\u2019impressum.<\/p>\n<p><strong>Diritto di limitazione del trattamento<\/strong><\/p>\n<p>Hai il diritto di richiedere la limitazione del trattamento dei tuoi dati personali. Puoi contattarci in qualsiasi momento all\u2019indirizzo indicato nell\u2019impressum. Il diritto alla limitazione del trattamento si applica nei seguenti casi:<\/p>\n<ul>\n<li>Se contesti l\u2019esattezza dei dati personali memorizzati, di solito abbiamo bisogno di tempo per verificarlo. Durante la verifica, puoi richiedere la limitazione del trattamento dei tuoi dati personali.<\/li>\n<li>Se il trattamento dei tuoi dati personali \u00e8 illecito, puoi richiedere la limitazione invece della cancellazione.<\/li>\n<li>Se non abbiamo pi\u00f9 bisogno dei tuoi dati personali ma tu li richiedi per esercitare, difendere o far valere diritti legali, puoi richiedere la limitazione invece della cancellazione.<\/li>\n<li>Se hai esercitato il diritto di opposizione ai sensi dell\u2019art. 21 comma 1 GDPR, \u00e8 necessario un bilanciamento tra i tuoi interessi e i nostri. Finch\u00e9 non \u00e8 chiaro quale interesse prevalga, puoi richiedere la limitazione del trattamento dei tuoi dati personali.<\/li>\n<\/ul>\n<p>Se hai limitato il trattamento dei tuoi dati personali, questi possono essere trattati solo con il tuo consenso o per esercitare, far valere o difendere diritti legali, per proteggere i diritti di altre persone fisiche o giuridiche, o per motivi di interesse pubblico rilevante dell\u2019Unione Europea o di uno Stato membro.<\/p>\n<p><strong>Opposizione alle e-mail promozionali<\/strong><\/p>\n<p>Si oppone all\u2019uso dei dati di contatto pubblicati nell\u2019impressum per l\u2019invio di pubblicit\u00e0 non richiesta o materiali informativi. I gestori si riservano espressamente il diritto di azioni legali in caso di invio non richiesto di informazioni pubblicitarie, ad esempio tramite spam.<\/p>\n<h2>4. Raccolta dati sul nostro sito web<\/h2>\n<p><strong>File di log del server<\/strong><\/p>\n<p>Il provider del sito raccoglie e memorizza automaticamente informazioni nei cosiddetti file di log del server che il tuo browser invia automaticamente. Questi sono:<\/p>\n<ul>\n<li>Tipo e versione del browser<\/li>\n<li>Sistema operativo utilizzato<\/li>\n<li>URL di riferimento<\/li>\n<li>Nome host del computer che accede<\/li>\n<li>Orario della richiesta al server<\/li>\n<li>Indirizzo IP<\/li>\n<\/ul>\n<p>Non avviene alcuna fusione di questi dati con altre fonti di dati.<\/p>\n<p>La raccolta di questi dati si basa sull\u2019Art. 6 comma 1 lett. f GDPR. Il gestore del sito ha un legittimo interesse a garantire la visualizzazione tecnica senza errori e ottimizzare il sito \u2013 a tal fine i file di log devono essere raccolti.<\/p>\n<p><strong>Modulo di contatto<\/strong><\/p>\n<p>Se ci invii richieste tramite il modulo di contatto, le informazioni fornite, compresi i dati di contatto, saranno memorizzate per elaborare la richiesta e per eventuali ulteriori domande. Questi dati non saranno trasmessi senza il tuo consenso.<\/p>\n<p>Il trattamento dei dati si basa sull\u2019Art. 6 comma 1 lett. b GDPR se la richiesta riguarda l\u2019adempimento di un contratto o misure precontrattuali. Negli altri casi, il trattamento si basa sul nostro legittimo interesse all\u2019elaborazione efficace delle richieste (Art. 6 comma 1 lett. f GDPR) o sul tuo consenso (Art. 6 comma 1 lett. a GDPR) se richiesto.<\/p>\n<p>I dati inseriti nel modulo rimangono con noi fino a revoca del consenso, richiesta di cancellazione o cessazione dello scopo di memorizzazione (es. fine elaborazione richiesta). Obblighi legali vincolanti restano inalterati.<\/p>\n<p><strong>Richieste via e-mail o telefono<\/strong><\/p>\n<p>Se ci contatti via e-mail o telefono, la tua richiesta e i dati personali derivanti saranno memorizzati per elaborare la tua richiesta. Questi dati non saranno trasmessi senza il tuo consenso.<\/p>\n<p>Il trattamento si basa sull\u2019Art. 6 comma 1 lett. b GDPR se la richiesta riguarda un contratto o misure precontrattuali, altrimenti sul consenso (Art. 6 comma 1 lett. a GDPR) e\/o sul nostro legittimo interesse (Art. 6 comma 1 lett. f GDPR) a gestire efficacemente le richieste.<\/p>\n<p>I dati rimangono con noi fino a revoca del consenso, richiesta di cancellazione o cessazione dello scopo di memorizzazione. Obblighi legali vincolanti restano inalterati.<\/p>\n<h2>5. Plugin e strumenti<\/h2>\n<p><strong>Google Web Fonts<\/strong><\/p>\n<p>Questo sito utilizza i cosiddetti Web Fonts forniti da Google per una visualizzazione uniforme dei caratteri. I Google Fonts sono installati localmente. Non avviene alcuna connessione ai server di Google.<\/p>\n<p>Ulteriori informazioni sui Google Web Fonts sono disponibili su<br \/>\n<a href=\"https:\/\/developers.google.com\/fonts\/faq\" target=\"_blank\" rel=\"noopener\">https:\/\/developers.google.com\/fonts\/faq<\/a><br \/>\ne nell\u2019informativa sulla privacy di Google:<br \/>\n<a href=\"https:\/\/policies.google.com\/privacy?hl=en\" target=\"_blank\" rel=\"noopener\">https:\/\/policies.google.com\/privacy?hl=en<\/a>.<\/p>\n<h2>6. eCommerce e fornitori di pagamento<\/h2>\n<p><strong>Trattamento dei dati (clienti e contratti)<\/strong><\/p>\n<p>Raccogliamo, trattiamo e utilizziamo dati personali solo nella misura necessaria per creare, gestire o modificare rapporti contrattuali (dati di base). Ci\u00f2 avviene ai sensi dell\u2019Art. 6 comma 1 lett. b GDPR, che consente il trattamento dei dati per l\u2019esecuzione di un contratto o misure precontrattuali. I dati personali relativi all\u2019uso del nostro sito (dati di utilizzo) sono raccolti solo se necessari a consentire l\u2019utilizzo del servizio o la fatturazione.<\/p>\n<p>I dati dei clienti vengono cancellati dopo la conclusione dell\u2019ordine o la fine del rapporto commerciale. Obblighi legali di conservazione restano validi.<\/p>\n<p><strong>Ultimo aggiornamento: 09.02.2026<\/strong><\/p>\n<\/div><\/section><br \/>\n\n<style type=\"text\/css\" data-created_by=\"avia_inline_auto\" id=\"style-css-av-7xm0xw-c103721f6fd8d82724856ea9c881bed8\">\n#top .hr.hr-invisible.av-7xm0xw-c103721f6fd8d82724856ea9c881bed8{\nheight:26px;\n}\n<\/style>\n<div  class='hr av-7xm0xw-c103721f6fd8d82724856ea9c881bed8 hr-invisible  avia-builder-el-5  el_after_av_textblock  el_before_av_button '><span class='hr-inner '><span class=\"hr-inner-style\"><\/span><\/span><\/div><br \/>\n<div  class='avia-button-wrap av-7q3llo-3cf7a8324a319d8f3320d94fec8a21f9-wrap avia-button-left  avia-builder-el-6  el_after_av_hr  avia-builder-el-last '><a href='https:\/\/www.caretta-blue.com\/it\/note-legali\/'  class='avia-button av-7q3llo-3cf7a8324a319d8f3320d94fec8a21f9 av-link-btn avia-icon_select-no avia-size-large avia-position-left avia-color-theme-color'   aria-label=\"Note legali \u00bb\"><span class='avia_iconbox_title' >Note legali \u00bb<\/span><\/a><\/div><\/p><\/div>\n","protected":false},"excerpt":{"rendered":"","protected":false},"author":1,"featured_media":0,"parent":0,"menu_order":0,"comment_status":"closed","ping_status":"closed","template":"","meta":{"footnotes":""},"class_list":["post-783","page","type-page","status-publish","hentry"],"yoast_head":"<!-- This site is optimized with the Yoast SEO plugin v26.9 - https:\/\/yoast.com\/product\/yoast-seo-wordpress\/ -->\n<title>Informativa sulla privacy Caretta Blue Band jazz +39 324 1857472<\/title>\n<meta name=\"description\" content=\"Informativa sulla privacy: Noleggia una band jazz in Sicilia, Italia \u2013 Prenota ora per feste, feste aziendali, eventi, compleanni, matrimoni, battesimi, anniversari\" \/>\n<meta name=\"robots\" content=\"index, follow, max-snippet:-1, max-image-preview:large, max-video-preview:-1\" \/>\n<link rel=\"canonical\" href=\"https:\/\/www.caretta-blue.com\/it\/informativa-sulla-privacy\/\" \/>\n<meta property=\"og:locale\" content=\"it_IT\" \/>\n<meta property=\"og:type\" content=\"article\" \/>\n<meta property=\"og:title\" content=\"Informativa sulla privacy Caretta Blue Band jazz +39 324 1857472\" \/>\n<meta property=\"og:description\" content=\"Informativa sulla privacy: Noleggia una band jazz in Sicilia, Italia \u2013 Prenota ora per feste, feste aziendali, eventi, compleanni, matrimoni, battesimi, anniversari\" \/>\n<meta property=\"og:url\" content=\"https:\/\/www.caretta-blue.com\/it\/informativa-sulla-privacy\/\" \/>\n<meta property=\"og:site_name\" content=\"Coretta Blue\" \/>\n<meta property=\"article:modified_time\" content=\"2026-02-09T11:13:10+00:00\" \/>\n<meta name=\"twitter:card\" content=\"summary_large_image\" \/>\n<meta name=\"twitter:label1\" content=\"Tempo di lettura stimato\" \/>\n\t<meta name=\"twitter:data1\" content=\"10 minuti\" \/>\n<script type=\"application\/ld+json\" class=\"yoast-schema-graph\">{\"@context\":\"https:\/\/schema.org\",\"@graph\":[{\"@type\":\"WebPage\",\"@id\":\"https:\/\/www.caretta-blue.com\/it\/informativa-sulla-privacy\/\",\"url\":\"https:\/\/www.caretta-blue.com\/it\/informativa-sulla-privacy\/\",\"name\":\"Informativa sulla privacy Caretta Blue Band jazz +39 324 1857472\",\"isPartOf\":{\"@id\":\"https:\/\/www.caretta-blue.com\/it\/#website\"},\"datePublished\":\"2026-02-09T11:02:35+00:00\",\"dateModified\":\"2026-02-09T11:13:10+00:00\",\"description\":\"Informativa sulla privacy: Noleggia una band jazz in Sicilia, Italia \u2013 Prenota ora per feste, feste aziendali, eventi, compleanni, matrimoni, battesimi, anniversari\",\"breadcrumb\":{\"@id\":\"https:\/\/www.caretta-blue.com\/it\/informativa-sulla-privacy\/#breadcrumb\"},\"inLanguage\":\"it-IT\",\"potentialAction\":[{\"@type\":\"ReadAction\",\"target\":[\"https:\/\/www.caretta-blue.com\/it\/informativa-sulla-privacy\/\"]}]},{\"@type\":\"BreadcrumbList\",\"@id\":\"https:\/\/www.caretta-blue.com\/it\/informativa-sulla-privacy\/#breadcrumb\",\"itemListElement\":[{\"@type\":\"ListItem\",\"position\":1,\"name\":\"Startseite\",\"item\":\"https:\/\/www.caretta-blue.com\/it\/\"},{\"@type\":\"ListItem\",\"position\":2,\"name\":\"Informativa sulla privacy\"}]},{\"@type\":\"WebSite\",\"@id\":\"https:\/\/www.caretta-blue.com\/it\/#website\",\"url\":\"https:\/\/www.caretta-blue.com\/it\/\",\"name\":\"Coretta Blue\",\"description\":\"Jazz da A a Z Prenota \/ Noleggia una band jazz in Italia o Germania\",\"potentialAction\":[{\"@type\":\"SearchAction\",\"target\":{\"@type\":\"EntryPoint\",\"urlTemplate\":\"https:\/\/www.caretta-blue.com\/it\/?s={search_term_string}\"},\"query-input\":{\"@type\":\"PropertyValueSpecification\",\"valueRequired\":true,\"valueName\":\"search_term_string\"}}],\"inLanguage\":\"it-IT\"}]}<\/script>\n<!-- \/ Yoast SEO plugin. -->","yoast_head_json":{"title":"Informativa sulla privacy Caretta Blue Band jazz +39 324 1857472","description":"Informativa sulla privacy: Noleggia una band jazz in Sicilia, Italia \u2013 Prenota ora per feste, feste aziendali, eventi, compleanni, matrimoni, battesimi, anniversari","robots":{"index":"index","follow":"follow","max-snippet":"max-snippet:-1","max-image-preview":"max-image-preview:large","max-video-preview":"max-video-preview:-1"},"canonical":"https:\/\/www.caretta-blue.com\/it\/informativa-sulla-privacy\/","og_locale":"it_IT","og_type":"article","og_title":"Informativa sulla privacy Caretta Blue Band jazz +39 324 1857472","og_description":"Informativa sulla privacy: Noleggia una band jazz in Sicilia, Italia \u2013 Prenota ora per feste, feste aziendali, eventi, compleanni, matrimoni, battesimi, anniversari","og_url":"https:\/\/www.caretta-blue.com\/it\/informativa-sulla-privacy\/","og_site_name":"Coretta Blue","article_modified_time":"2026-02-09T11:13:10+00:00","twitter_card":"summary_large_image","twitter_misc":{"Tempo di lettura stimato":"10 minuti"},"schema":{"@context":"https:\/\/schema.org","@graph":[{"@type":"WebPage","@id":"https:\/\/www.caretta-blue.com\/it\/informativa-sulla-privacy\/","url":"https:\/\/www.caretta-blue.com\/it\/informativa-sulla-privacy\/","name":"Informativa sulla privacy Caretta Blue Band jazz +39 324 1857472","isPartOf":{"@id":"https:\/\/www.caretta-blue.com\/it\/#website"},"datePublished":"2026-02-09T11:02:35+00:00","dateModified":"2026-02-09T11:13:10+00:00","description":"Informativa sulla privacy: Noleggia una band jazz in Sicilia, Italia \u2013 Prenota ora per feste, feste aziendali, eventi, compleanni, matrimoni, battesimi, anniversari","breadcrumb":{"@id":"https:\/\/www.caretta-blue.com\/it\/informativa-sulla-privacy\/#breadcrumb"},"inLanguage":"it-IT","potentialAction":[{"@type":"ReadAction","target":["https:\/\/www.caretta-blue.com\/it\/informativa-sulla-privacy\/"]}]},{"@type":"BreadcrumbList","@id":"https:\/\/www.caretta-blue.com\/it\/informativa-sulla-privacy\/#breadcrumb","itemListElement":[{"@type":"ListItem","position":1,"name":"Startseite","item":"https:\/\/www.caretta-blue.com\/it\/"},{"@type":"ListItem","position":2,"name":"Informativa sulla privacy"}]},{"@type":"WebSite","@id":"https:\/\/www.caretta-blue.com\/it\/#website","url":"https:\/\/www.caretta-blue.com\/it\/","name":"Coretta Blue","description":"Jazz da A a Z Prenota \/ Noleggia una band jazz in Italia o Germania","potentialAction":[{"@type":"SearchAction","target":{"@type":"EntryPoint","urlTemplate":"https:\/\/www.caretta-blue.com\/it\/?s={search_term_string}"},"query-input":{"@type":"PropertyValueSpecification","valueRequired":true,"valueName":"search_term_string"}}],"inLanguage":"it-IT"}]}},"_links":{"self":[{"href":"https:\/\/www.caretta-blue.com\/it\/wp-json\/wp\/v2\/pages\/783","targetHints":{"allow":["GET"]}}],"collection":[{"href":"https:\/\/www.caretta-blue.com\/it\/wp-json\/wp\/v2\/pages"}],"about":[{"href":"https:\/\/www.caretta-blue.com\/it\/wp-json\/wp\/v2\/types\/page"}],"author":[{"embeddable":true,"href":"https:\/\/www.caretta-blue.com\/it\/wp-json\/wp\/v2\/users\/1"}],"replies":[{"embeddable":true,"href":"https:\/\/www.caretta-blue.com\/it\/wp-json\/wp\/v2\/comments?post=783"}],"version-history":[{"count":20,"href":"https:\/\/www.caretta-blue.com\/it\/wp-json\/wp\/v2\/pages\/783\/revisions"}],"predecessor-version":[{"id":983,"href":"https:\/\/www.caretta-blue.com\/it\/wp-json\/wp\/v2\/pages\/783\/revisions\/983"}],"wp:attachment":[{"href":"https:\/\/www.caretta-blue.com\/it\/wp-json\/wp\/v2\/media?parent=783"}],"curies":[{"name":"wp","href":"https:\/\/api.w.org\/{rel}","templated":true}]}}