{"id":774,"date":"2020-02-05T12:11:27","date_gmt":"2020-02-05T11:11:27","guid":{"rendered":"https:\/\/www.caretta-blue.com\/de\/?page_id=774"},"modified":"2026-02-06T11:46:41","modified_gmt":"2026-02-06T10:46:41","slug":"impressum","status":"publish","type":"page","link":"https:\/\/www.caretta-blue.com\/de\/impressum\/","title":{"rendered":"Impressum"},"content":{"rendered":"\n<style type=\"text\/css\" data-created_by=\"avia_inline_auto\" id=\"style-css-av-aq8ay4-738cc28d51e699890f7e986bfce5b02a\">\n.avia-section.av-aq8ay4-738cc28d51e699890f7e986bfce5b02a .av-parallax .av-parallax-inner{\nbackground-repeat:no-repeat;\nbackground-image:url(https:\/\/www.caretta-blue.com\/de\/wp-content\/uploads\/sites\/2\/2020\/02\/jazzband-mieten-nuernberg.jpg);\nbackground-position:50% 50%;\nbackground-attachment:scroll;\n}\n.avia-section.av-aq8ay4-738cc28d51e699890f7e986bfce5b02a .av-section-color-overlay{\nopacity:0.5;\nbackground-color:#e4e2e2;\n}\n<\/style>\n<div id='av_section_1'  class='avia-section av-aq8ay4-738cc28d51e699890f7e986bfce5b02a main_color avia-section-huge avia-no-border-styling  avia-builder-el-0  avia-builder-el-no-sibling  av-parallax-section avia-bg-style-parallax av-section-color-overlay-active container_wrap fullsize'  data-section-bg-repeat='no-repeat'><div class='av-parallax' data-avia-parallax-ratio='0.3' ><div class='av-parallax-inner main_color avia-full-stretch'><\/div><\/div><div class=\"av-section-color-overlay-wrap\"><div class=\"av-section-color-overlay\"><\/div><div class='container av-section-cont-open' ><main  role=\"main\" itemprop=\"mainContentOfPage\"  class='template-page content  av-content-full alpha units'><div class='post-entry post-entry-type-page post-entry-774'><div class='entry-content-wrapper clearfix'>\n\n<style type=\"text\/css\" data-created_by=\"avia_inline_auto\" id=\"style-css-av-av_heading-bdca491222b55d8b9d1d9185b9e9ef6d\">\n#top .av-special-heading.av-av_heading-bdca491222b55d8b9d1d9185b9e9ef6d{\npadding-bottom:0;\ncolor:#000000;\nfont-size:50px;\n}\nbody .av-special-heading.av-av_heading-bdca491222b55d8b9d1d9185b9e9ef6d .av-special-heading-tag .heading-char{\nfont-size:25px;\n}\n#top #wrap_all .av-special-heading.av-av_heading-bdca491222b55d8b9d1d9185b9e9ef6d .av-special-heading-tag{\nfont-size:50px;\n}\n.av-special-heading.av-av_heading-bdca491222b55d8b9d1d9185b9e9ef6d .special-heading-inner-border{\nborder-color:#000000;\n}\n.av-special-heading.av-av_heading-bdca491222b55d8b9d1d9185b9e9ef6d .av-subheading{\nfont-size:15px;\n}\n\n@media only screen and (min-width: 480px) and (max-width: 767px){ \n#top #wrap_all .av-special-heading.av-av_heading-bdca491222b55d8b9d1d9185b9e9ef6d .av-special-heading-tag{\nfont-size:0.8em;\n}\n}\n\n@media only screen and (max-width: 479px){ \n#top #wrap_all .av-special-heading.av-av_heading-bdca491222b55d8b9d1d9185b9e9ef6d .av-special-heading-tag{\nfont-size:0.8em;\n}\n}\n<\/style>\n<div  class='av-special-heading av-av_heading-bdca491222b55d8b9d1d9185b9e9ef6d av-special-heading-h3 custom-color-heading blockquote modern-quote modern-centered  avia-builder-el-1  el_before_av_hr  avia-builder-el-first  av-inherit-size'><h3 class='av-special-heading-tag '  itemprop=\"headline\"  >Impressum<\/h3><div class=\"special-heading-border\"><div class=\"special-heading-inner-border\"><\/div><\/div><\/div>\n\n<style type=\"text\/css\" data-created_by=\"avia_inline_auto\" id=\"style-css-av-abb7as-75e6ad2892cac15982d93f6f0a1b304e\">\n#top .hr.av-abb7as-75e6ad2892cac15982d93f6f0a1b304e{\nmargin-top:40px;\nmargin-bottom:60px;\n}\n.hr.av-abb7as-75e6ad2892cac15982d93f6f0a1b304e .hr-inner{\nwidth:50px;\nborder-color:#e7008b;\nmax-width:45%;\n}\n.hr.av-abb7as-75e6ad2892cac15982d93f6f0a1b304e .av-seperator-icon{\ncolor:#50bfc7;\n}\n.hr.av-abb7as-75e6ad2892cac15982d93f6f0a1b304e .av-seperator-icon.avia-svg-icon svg:first-child{\nfill:#50bfc7;\nstroke:#50bfc7;\n}\n<\/style>\n<div  class='hr av-abb7as-75e6ad2892cac15982d93f6f0a1b304e hr-custom  avia-builder-el-2  el_after_av_heading  el_before_av_one_full  hr-center hr-icon-yes'><span class='hr-inner inner-border-av-border-fat'><span class=\"hr-inner-style\"><\/span><\/span><span class='av-seperator-icon avia-iconfont avia-font-entypo-fontello' data-av_icon='\ue837' data-av_iconfont='entypo-fontello' ><\/span><span class='hr-inner inner-border-av-border-fat'><span class=\"hr-inner-style\"><\/span><\/span><\/div>\n\n<style type=\"text\/css\" data-created_by=\"avia_inline_auto\" id=\"style-css-av-k67zweoy-d71101dbc41c5a324d7846012067231e\">\n.flex_column.av-k67zweoy-d71101dbc41c5a324d7846012067231e{\nborder-radius:0px 0px 0px 0px;\npadding:0px 0px 0px 0px;\n}\n<\/style>\n<div  class='flex_column av-k67zweoy-d71101dbc41c5a324d7846012067231e av_one_full  avia-builder-el-3  el_after_av_hr  avia-builder-el-last  first flex_column_div av-animated-generic bottom-to-top av-zero-column-padding  '     ><p><section  class='av_textblock_section av-k697wv5j-812fc6e07eb0b745be963ba8f6600009 '   itemscope=\"itemscope\" itemtype=\"https:\/\/schema.org\/CreativeWork\" ><div class='avia_textblock'  itemprop=\"text\" ><p><strong>Caretta Blue<\/strong><br \/>\nRainer Kramer<br \/>\nBegonienstra\u00dfe 8<br \/>\n90765 F\u00fcrth<\/p>\n<p><strong>Kontakt<\/strong><br \/>\nTelefon: +49 172 8750316<br \/>\nE-Mail: <a href=\"mailto:mail@caretta-blue.de\">mail@caretta-blue.de<\/a><\/p>\n<p><strong>EU-Streitschlichtung<\/strong><br \/>\nDie Europ\u00e4ische Kommission stellt eine Plattform zur Online-Streitbeilegung (OS) bereit: <a href=\"https:\/\/ec.europa.eu\/consumers\/odr\" target=\"_blank\" rel=\"noopener\">https:\/\/ec.europa.eu\/consumers\/odr<\/a>.<br \/>\nUnsere E-Mail-Adresse finden Sie oben im Impressum.<\/p>\n<p><strong>Verbraucherstreitbeilegung\/Universalschlichtungsstelle<\/strong><\/p>\n<p>Wir sind nicht bereit oder verpflichtet, an Streitbeilegungsverfahren vor einer Verbraucherschlichtungsstelle teilzunehmen.<\/p>\n<p><strong>Haftung f\u00fcr Inhalte<\/strong><\/p>\n<p>Als Diensteanbieter sind wir gem\u00e4\u00df \u00a7 7 Abs.1 TMG f\u00fcr eigene Inhalte auf diesen Seiten nach den allgemeinen Gesetzen verantwortlich. Nach \u00a7\u00a7 8 bis 10 TMG sind wir als Diensteanbieter jedoch nicht verpflichtet, \u00fcbermittelte oder gespeicherte fremde Informationen zu \u00fcberwachen oder nach Umst\u00e4nden zu forschen, die auf eine rechtswidrige T\u00e4tigkeit hinweisen.<\/p>\n<p>Verpflichtungen zur Entfernung oder Sperrung der Nutzung von Informationen nach den allgemeinen Gesetzen bleiben hiervon unber\u00fchrt. Eine diesbez\u00fcgliche Haftung ist jedoch erst ab dem Zeitpunkt der Kenntnis einer konkreten Rechtsverletzung m\u00f6glich. Bei Bekanntwerden von entsprechenden Rechtsverletzungen werden wir diese Inhalte umgehend entfernen.<\/p>\n<p><strong>Haftung f\u00fcr Links<\/strong><\/p>\n<p>Unser Angebot enth\u00e4lt Links zu externen Websites Dritter, auf deren Inhalte wir keinen Einfluss haben. Deshalb k\u00f6nnen wir f\u00fcr diese fremden Inhalte auch keine Gew\u00e4hr \u00fcbernehmen. F\u00fcr die Inhalte der verlinkten Seiten ist stets der jeweilige Anbieter oder Betreiber der Seiten verantwortlich. Die verlinkten Seiten wurden zum Zeitpunkt der Verlinkung auf m\u00f6gliche Rechtsverst\u00f6\u00dfe \u00fcberpr\u00fcft. Rechtswidrige Inhalte waren zum Zeitpunkt der Verlinkung nicht erkennbar.<\/p>\n<p>Eine permanente inhaltliche Kontrolle der verlinkten Seiten ist jedoch ohne konkrete Anhaltspunkte einer Rechtsverletzung nicht zumutbar. Bei Bekanntwerden von Rechtsverletzungen werden wir derartige Links umgehend entfernen.<\/p>\n<p><strong>Urheberrecht<\/strong><\/p>\n<p>Die durch die Seitenbetreiber erstellten Inhalte und Werke auf diesen Seiten unterliegen dem deutschen Urheberrecht. Die Vervielf\u00e4ltigung, Bearbeitung, Verbreitung und jede Art der Verwertung au\u00dferhalb der Grenzen des Urheberrechtes bed\u00fcrfen der schriftlichen Zustimmung des jeweiligen Autors bzw. Erstellers. Downloads und Kopien dieser Seite sind nur f\u00fcr den privaten, nicht kommerziellen Gebrauch gestattet.<\/p>\n<p>Soweit die Inhalte auf dieser Seite nicht vom Betreiber erstellt wurden, werden die Urheberrechte Dritter beachtet. Insbesondere werden Inhalte Dritter als solche gekennzeichnet. Sollten Sie trotzdem auf eine Urheberrechtsverletzung aufmerksam werden, bitten wir um einen entsprechenden Hinweis. Bei Bekanntwerden von Rechtsverletzungen werden wir derartige Inhalte umgehend entfernen.<\/p>\n<p><strong>Logoerstellung<\/strong><br \/>\nStudio Rosner Design<\/p>\n<p><strong>Webdesign<\/strong><br \/>\n<a href=\"https:\/\/www.pixelquelle.com\" target=\"_blank\" rel=\"noopener\">Pixelquelle Mediengestaltung<\/a><\/p>\n<\/div><\/section><br \/>\n\n<style type=\"text\/css\" data-created_by=\"avia_inline_auto\" id=\"style-css-av-7xm0xw-c103721f6fd8d82724856ea9c881bed8\">\n#top .hr.hr-invisible.av-7xm0xw-c103721f6fd8d82724856ea9c881bed8{\nheight:26px;\n}\n<\/style>\n<div  class='hr av-7xm0xw-c103721f6fd8d82724856ea9c881bed8 hr-invisible  avia-builder-el-5  el_after_av_textblock  el_before_av_button '><span class='hr-inner '><span class=\"hr-inner-style\"><\/span><\/span><\/div><br \/>\n<div  class='avia-button-wrap av-7q3llo-3b647f74aeabc943436018a30799c249-wrap avia-button-left  avia-builder-el-6  el_after_av_hr  avia-builder-el-last '><a href='https:\/\/www.caretta-blue.com\/de\/datenschutzerklaerung\/'  class='avia-button av-7q3llo-3b647f74aeabc943436018a30799c249 av-link-btn avia-icon_select-no avia-size-large avia-position-left avia-color-theme-color'   aria-label=\"Datenschutzerkl\u00e4rung \u00bb\"><span class='avia_iconbox_title' >Datenschutzerkl\u00e4rung \u00bb<\/span><\/a><\/div><\/p><\/div>\n","protected":false},"excerpt":{"rendered":"","protected":false},"author":1,"featured_media":0,"parent":0,"menu_order":0,"comment_status":"closed","ping_status":"closed","template":"","meta":{"footnotes":""},"class_list":["post-774","page","type-page","status-publish","hentry"],"yoast_head":"<!-- This site is optimized with the Yoast SEO plugin v26.9 - https:\/\/yoast.com\/product\/yoast-seo-wordpress\/ -->\n<title>Impressum Caretta Blue Jazzband buchen N\u00fcrnberg - Tel. +49 172 8750316<\/title>\n<meta name=\"description\" content=\"Impressum: Jazzband buchen mieten N\u00fcrnberg F\u00fcrth Erlangen Forchheim Bamberg f\u00fcr Feier, Firmenfeier, Event, Geburtstag, Hochzeit, Taufe, Jubil\u00e4um, Festival\" \/>\n<meta name=\"robots\" content=\"index, follow, max-snippet:-1, max-image-preview:large, max-video-preview:-1\" \/>\n<link rel=\"canonical\" href=\"https:\/\/www.caretta-blue.com\/de\/impressum\/\" \/>\n<meta property=\"og:locale\" content=\"de_DE\" \/>\n<meta property=\"og:type\" content=\"article\" \/>\n<meta property=\"og:title\" content=\"Impressum Caretta Blue Jazzband buchen N\u00fcrnberg - Tel. +49 172 8750316\" \/>\n<meta property=\"og:description\" content=\"Impressum: Jazzband buchen mieten N\u00fcrnberg F\u00fcrth Erlangen Forchheim Bamberg f\u00fcr Feier, Firmenfeier, Event, Geburtstag, Hochzeit, Taufe, Jubil\u00e4um, Festival\" \/>\n<meta property=\"og:url\" content=\"https:\/\/www.caretta-blue.com\/de\/impressum\/\" \/>\n<meta property=\"og:site_name\" content=\"Caretta Blue\" \/>\n<meta property=\"article:modified_time\" content=\"2026-02-06T10:46:41+00:00\" \/>\n<meta name=\"twitter:card\" content=\"summary_large_image\" \/>\n<meta name=\"twitter:label1\" content=\"Gesch\u00e4tzte Lesezeit\" \/>\n\t<meta name=\"twitter:data1\" content=\"3\u00a0Minuten\" \/>\n<script type=\"application\/ld+json\" class=\"yoast-schema-graph\">{\"@context\":\"https:\/\/schema.org\",\"@graph\":[{\"@type\":\"WebPage\",\"@id\":\"https:\/\/www.caretta-blue.com\/de\/impressum\/\",\"url\":\"https:\/\/www.caretta-blue.com\/de\/impressum\/\",\"name\":\"Impressum Caretta Blue Jazzband buchen N\u00fcrnberg - Tel. +49 172 8750316\",\"isPartOf\":{\"@id\":\"https:\/\/www.caretta-blue.com\/de\/#website\"},\"datePublished\":\"2020-02-05T11:11:27+00:00\",\"dateModified\":\"2026-02-06T10:46:41+00:00\",\"description\":\"Impressum: Jazzband buchen mieten N\u00fcrnberg F\u00fcrth Erlangen Forchheim Bamberg f\u00fcr Feier, Firmenfeier, Event, Geburtstag, Hochzeit, Taufe, Jubil\u00e4um, Festival\",\"breadcrumb\":{\"@id\":\"https:\/\/www.caretta-blue.com\/de\/impressum\/#breadcrumb\"},\"inLanguage\":\"de\",\"potentialAction\":[{\"@type\":\"ReadAction\",\"target\":[\"https:\/\/www.caretta-blue.com\/de\/impressum\/\"]}]},{\"@type\":\"BreadcrumbList\",\"@id\":\"https:\/\/www.caretta-blue.com\/de\/impressum\/#breadcrumb\",\"itemListElement\":[{\"@type\":\"ListItem\",\"position\":1,\"name\":\"Startseite\",\"item\":\"https:\/\/www.caretta-blue.com\/de\/\"},{\"@type\":\"ListItem\",\"position\":2,\"name\":\"Impressum\"}]},{\"@type\":\"WebSite\",\"@id\":\"https:\/\/www.caretta-blue.com\/de\/#website\",\"url\":\"https:\/\/www.caretta-blue.com\/de\/\",\"name\":\"Caretta Blue\",\"description\":\"Jazzband buchen mieten in N\u00fcrnberg F\u00fcrth Erlangen Forchheim Schwabach Bamberg\",\"potentialAction\":[{\"@type\":\"SearchAction\",\"target\":{\"@type\":\"EntryPoint\",\"urlTemplate\":\"https:\/\/www.caretta-blue.com\/de\/?s={search_term_string}\"},\"query-input\":{\"@type\":\"PropertyValueSpecification\",\"valueRequired\":true,\"valueName\":\"search_term_string\"}}],\"inLanguage\":\"de\"}]}<\/script>\n<!-- \/ Yoast SEO plugin. -->","yoast_head_json":{"title":"Impressum Caretta Blue Jazzband buchen N\u00fcrnberg - Tel. +49 172 8750316","description":"Impressum: Jazzband buchen mieten N\u00fcrnberg F\u00fcrth Erlangen Forchheim Bamberg f\u00fcr Feier, Firmenfeier, Event, Geburtstag, Hochzeit, Taufe, Jubil\u00e4um, Festival","robots":{"index":"index","follow":"follow","max-snippet":"max-snippet:-1","max-image-preview":"max-image-preview:large","max-video-preview":"max-video-preview:-1"},"canonical":"https:\/\/www.caretta-blue.com\/de\/impressum\/","og_locale":"de_DE","og_type":"article","og_title":"Impressum Caretta Blue Jazzband buchen N\u00fcrnberg - Tel. +49 172 8750316","og_description":"Impressum: Jazzband buchen mieten N\u00fcrnberg F\u00fcrth Erlangen Forchheim Bamberg f\u00fcr Feier, Firmenfeier, Event, Geburtstag, Hochzeit, Taufe, Jubil\u00e4um, Festival","og_url":"https:\/\/www.caretta-blue.com\/de\/impressum\/","og_site_name":"Caretta Blue","article_modified_time":"2026-02-06T10:46:41+00:00","twitter_card":"summary_large_image","twitter_misc":{"Gesch\u00e4tzte Lesezeit":"3\u00a0Minuten"},"schema":{"@context":"https:\/\/schema.org","@graph":[{"@type":"WebPage","@id":"https:\/\/www.caretta-blue.com\/de\/impressum\/","url":"https:\/\/www.caretta-blue.com\/de\/impressum\/","name":"Impressum Caretta Blue Jazzband buchen N\u00fcrnberg - Tel. +49 172 8750316","isPartOf":{"@id":"https:\/\/www.caretta-blue.com\/de\/#website"},"datePublished":"2020-02-05T11:11:27+00:00","dateModified":"2026-02-06T10:46:41+00:00","description":"Impressum: Jazzband buchen mieten N\u00fcrnberg F\u00fcrth Erlangen Forchheim Bamberg f\u00fcr Feier, Firmenfeier, Event, Geburtstag, Hochzeit, Taufe, Jubil\u00e4um, Festival","breadcrumb":{"@id":"https:\/\/www.caretta-blue.com\/de\/impressum\/#breadcrumb"},"inLanguage":"de","potentialAction":[{"@type":"ReadAction","target":["https:\/\/www.caretta-blue.com\/de\/impressum\/"]}]},{"@type":"BreadcrumbList","@id":"https:\/\/www.caretta-blue.com\/de\/impressum\/#breadcrumb","itemListElement":[{"@type":"ListItem","position":1,"name":"Startseite","item":"https:\/\/www.caretta-blue.com\/de\/"},{"@type":"ListItem","position":2,"name":"Impressum"}]},{"@type":"WebSite","@id":"https:\/\/www.caretta-blue.com\/de\/#website","url":"https:\/\/www.caretta-blue.com\/de\/","name":"Caretta Blue","description":"Jazzband buchen mieten in N\u00fcrnberg F\u00fcrth Erlangen Forchheim Schwabach Bamberg","potentialAction":[{"@type":"SearchAction","target":{"@type":"EntryPoint","urlTemplate":"https:\/\/www.caretta-blue.com\/de\/?s={search_term_string}"},"query-input":{"@type":"PropertyValueSpecification","valueRequired":true,"valueName":"search_term_string"}}],"inLanguage":"de"}]}},"_links":{"self":[{"href":"https:\/\/www.caretta-blue.com\/de\/wp-json\/wp\/v2\/pages\/774","targetHints":{"allow":["GET"]}}],"collection":[{"href":"https:\/\/www.caretta-blue.com\/de\/wp-json\/wp\/v2\/pages"}],"about":[{"href":"https:\/\/www.caretta-blue.com\/de\/wp-json\/wp\/v2\/types\/page"}],"author":[{"embeddable":true,"href":"https:\/\/www.caretta-blue.com\/de\/wp-json\/wp\/v2\/users\/1"}],"replies":[{"embeddable":true,"href":"https:\/\/www.caretta-blue.com\/de\/wp-json\/wp\/v2\/comments?post=774"}],"version-history":[{"count":12,"href":"https:\/\/www.caretta-blue.com\/de\/wp-json\/wp\/v2\/pages\/774\/revisions"}],"predecessor-version":[{"id":960,"href":"https:\/\/www.caretta-blue.com\/de\/wp-json\/wp\/v2\/pages\/774\/revisions\/960"}],"wp:attachment":[{"href":"https:\/\/www.caretta-blue.com\/de\/wp-json\/wp\/v2\/media?parent=774"}],"curies":[{"name":"wp","href":"https:\/\/api.w.org\/{rel}","templated":true}]}}